{"id":1111,"date":"2022-02-07T20:28:36","date_gmt":"2022-02-08T01:28:36","guid":{"rendered":"http:\/\/www.sylviethiffault.com\/?post_type=product&#038;p=1111"},"modified":"2025-02-14T16:39:50","modified_gmt":"2025-02-14T21:39:50","slug":"choisir-et-etre-choisie-livre-beliveau-editeur","status":"publish","type":"product","link":"https:\/\/www.sylviethiffault.com\/en\/formation\/choisir-et-etre-choisie-livre-beliveau-editeur\/","title":{"rendered":"Choisir et \u00eatre choisie &#8211; R\u00e9\u00e9crire son destin amoureux de solo \u00e0 duo"},"content":{"rendered":"<p><b>R\u00e9\u00e9crire son destin amoureux de solo \u00e0 duo, une fois pour toutes.<span class=\"Apple-converted-space\">\u00a0<\/span><\/b><br \/>\n<b>La personne que vous cherchez\u2026 vous cherche aussi.<\/b><\/p>\n<p>Nous vivons tous dans l\u2019espoir que l\u2019amour va finir par nous trouver. Ce serait juste et bon. Puis l\u2019amour est venu et il est reparti. Plus d\u2019une fois. Les peines d\u2019amour, les d\u00e9buts de relation en s\u00e9rie nous ont d\u00e9licatis\u00e9 le c\u0153ur. L\u2019amour ne devrait pas \u00eatre si difficile \u00e0 trouver. \u00c0 garder. Mais c\u2019est difficile. Parce que trouver et faire durer l\u2019amour apr\u00e8s 40, 50 et 60 ans, \u00e7a exige une approche diff\u00e9rente de celle de notre jeunesse.<\/p>\n<p>On ne cherche pas l\u2019amour comme on cherche un sofa! Pas trop gros, pas trop petit, confortable mais pas mou, color\u00e9 sans prendre toute la place. Il doit s\u2019agencer avec votre d\u00e9cor sans vous endetter, en esp\u00e9rant que votre chat l\u2019adopte. La liste de vos crit\u00e8res pour trouver un amour qui dure a besoin de renouvellement et ne doit pas \u00eatre seulement la somme de ce que vous ne voulez plus. Ce serait le temps d\u2019arr\u00eater de prendre conseil chez vos amies qui sont dans la m\u00eame impasse que vous, non\u00a0? Pour que vous puissiez traverser du c\u00f4t\u00e9 des personnes qui ont refait leur vie en couple avec bonheur et avec le bagage in\u00e9vitable qu\u2019est\u00a0l\u2019exp\u00e9rience, Sylvie Thiffault vous accompagne avec la bienveillance et la lucidit\u00e9 d\u2019une amie qui ne l\u2019a pas eu facile, mais qui a finalement appris de ses erreurs. Elle balise le chemin de questions nouvelles pour \u00e0 la fois choisir le \u00abbon\u00bb et \u00eatre choisie par lui. Elle raconte son histoire, sans fa\u00e7on, et partage les points de rep\u00e8re qui changent apr\u00e8s 40 ans. Une derni\u00e8re fois, \u00e9coutez l\u2019espoir. Ce livre vous fera voir vos angles-morts au-del\u00e0 des vieux patterns qui vous ram\u00e8nent toujours \u00e0 la case d\u00e9part, la r\u00e9signation en plus. Il n\u2019en faut qu\u2019un. La personne que vous cherchez\u2026 vous cherche aussi. Seul trouve celui qui ose chercher.<\/p>\n<p>&nbsp;<\/p>\n<p style=\"font-weight: 400;\"><em>Note : Les ateliers, formations et conseils en lien avec \u00ab Choisir et \u00eatre choisie \u00bb ne sont pas li\u00e9s \u00e0 la pratique encadr\u00e9e par le titre de Conseill\u00e8re en ressources humaines agr\u00e9\u00e9e (CRHA) de Sylvie Thiffault.<\/em><\/p>\n","protected":false},"excerpt":{"rendered":"<p><b>R\u00e9\u00e9crire son destin amoureux de solo \u00e0 duo, une fois pour toutes. <\/b><\/p>\n<p><b> <\/b><b>La personne que vous cherchez\u2026 vous cherche aussi.<\/b><\/p>\n","protected":false},"featured_media":4093,"template":"","meta":[],"product_brand":[],"product_cat":[42],"product_tag":[],"class_list":{"0":"post-1111","1":"product","2":"type-product","3":"status-publish","4":"has-post-thumbnail","6":"product_cat-livre","7":"product_shipping_class-livraison-standard-9","9":"first","10":"instock","11":"taxable","12":"shipping-taxable","13":"purchasable","14":"product-type-simple"},"yoast_head":"<!-- This site is optimized with the Yoast SEO plugin v26.3 - https:\/\/yoast.com\/wordpress\/plugins\/seo\/ -->\n<title>Choisir et \u00eatre choisie - R\u00e9\u00e9crire son destin amoureux de solo \u00e0 duo - Sylvie Thiffault<\/title>\n<meta name=\"description\" content=\"Choisir et \u00eatre choisie, Sylvie Thiffault, B\u00e9liveau \u00c9diteur. R\u00e9\u00e9crire son destin amoureux de solo \u00e0 duo, une fois pour toutes.\" \/>\n<meta name=\"robots\" content=\"index, follow, max-snippet:-1, max-image-preview:large, max-video-preview:-1\" \/>\n<link rel=\"canonical\" href=\"https:\/\/www.sylviethiffault.com\/formation\/choisir-et-etre-choisie-livre-beliveau-editeur\/\" \/>\n<meta property=\"og:locale\" content=\"en_US\" \/>\n<meta property=\"og:type\" content=\"article\" \/>\n<meta property=\"og:title\" content=\"Choisir et \u00eatre choisie - R\u00e9\u00e9crire son destin amoureux de solo \u00e0 duo - Sylvie Thiffault\" \/>\n<meta property=\"og:description\" content=\"Choisir et \u00eatre choisie, Sylvie Thiffault, B\u00e9liveau \u00c9diteur. R\u00e9\u00e9crire son destin amoureux de solo \u00e0 duo, une fois pour toutes.\" \/>\n<meta property=\"og:url\" content=\"https:\/\/www.sylviethiffault.com\/formation\/choisir-et-etre-choisie-livre-beliveau-editeur\/\" \/>\n<meta property=\"og:site_name\" content=\"Sylvie Thiffault\" \/>\n<meta property=\"article:publisher\" content=\"https:\/\/www.facebook.com\/sylviethiffault2017\/\" \/>\n<meta property=\"article:modified_time\" content=\"2025-02-14T21:39:50+00:00\" \/>\n<meta property=\"og:image\" content=\"https:\/\/www.sylviethiffault.com\/wp-content\/uploads\/2022\/02\/Untitled-design-93.png\" \/>\n\t<meta property=\"og:image:width\" content=\"1669\" \/>\n\t<meta property=\"og:image:height\" content=\"2000\" \/>\n\t<meta property=\"og:image:type\" content=\"image\/png\" \/>\n<meta name=\"twitter:card\" content=\"summary_large_image\" \/>\n<meta name=\"twitter:label1\" content=\"Est. reading time\" \/>\n\t<meta name=\"twitter:data1\" content=\"3 minutes\" \/>\n<script type=\"application\/ld+json\" class=\"yoast-schema-graph\">{\"@context\":\"https:\/\/schema.org\",\"@graph\":[{\"@type\":\"WebPage\",\"@id\":\"https:\/\/www.sylviethiffault.com\/formation\/choisir-et-etre-choisie-livre-beliveau-editeur\/\",\"url\":\"https:\/\/www.sylviethiffault.com\/formation\/choisir-et-etre-choisie-livre-beliveau-editeur\/\",\"name\":\"Choisir et \u00eatre choisie - R\u00e9\u00e9crire son destin amoureux de solo \u00e0 duo - Sylvie Thiffault\",\"isPartOf\":{\"@id\":\"https:\/\/www.sylviethiffault.com\/#website\"},\"primaryImageOfPage\":{\"@id\":\"https:\/\/www.sylviethiffault.com\/formation\/choisir-et-etre-choisie-livre-beliveau-editeur\/#primaryimage\"},\"image\":{\"@id\":\"https:\/\/www.sylviethiffault.com\/formation\/choisir-et-etre-choisie-livre-beliveau-editeur\/#primaryimage\"},\"thumbnailUrl\":\"https:\/\/www.sylviethiffault.com\/wp-content\/uploads\/2022\/02\/Untitled-design-93.png\",\"datePublished\":\"2022-02-08T01:28:36+00:00\",\"dateModified\":\"2025-02-14T21:39:50+00:00\",\"description\":\"Choisir et \u00eatre choisie, Sylvie Thiffault, B\u00e9liveau \u00c9diteur. R\u00e9\u00e9crire son destin amoureux de solo \u00e0 duo, une fois pour toutes.\",\"breadcrumb\":{\"@id\":\"https:\/\/www.sylviethiffault.com\/formation\/choisir-et-etre-choisie-livre-beliveau-editeur\/#breadcrumb\"},\"inLanguage\":\"en-US\",\"potentialAction\":[{\"@type\":\"ReadAction\",\"target\":[\"https:\/\/www.sylviethiffault.com\/formation\/choisir-et-etre-choisie-livre-beliveau-editeur\/\"]}]},{\"@type\":\"ImageObject\",\"inLanguage\":\"en-US\",\"@id\":\"https:\/\/www.sylviethiffault.com\/formation\/choisir-et-etre-choisie-livre-beliveau-editeur\/#primaryimage\",\"url\":\"https:\/\/www.sylviethiffault.com\/wp-content\/uploads\/2022\/02\/Untitled-design-93.png\",\"contentUrl\":\"https:\/\/www.sylviethiffault.com\/wp-content\/uploads\/2022\/02\/Untitled-design-93.png\",\"width\":1669,\"height\":2000},{\"@type\":\"BreadcrumbList\",\"@id\":\"https:\/\/www.sylviethiffault.com\/formation\/choisir-et-etre-choisie-livre-beliveau-editeur\/#breadcrumb\",\"itemListElement\":[{\"@type\":\"ListItem\",\"position\":1,\"name\":\"Accueil\",\"item\":\"https:\/\/www.sylviethiffault.com\/\"},{\"@type\":\"ListItem\",\"position\":2,\"name\":\"LE LEADERSHIP TRANSVERSAL AVEC OU SANS AUTORIT\u00c9 DIRECTE\",\"item\":\"https:\/\/www.sylviethiffault.com\/?page_id=1046\"},{\"@type\":\"ListItem\",\"position\":3,\"name\":\"Choisir et \u00eatre choisie &#8211; R\u00e9\u00e9crire son destin amoureux de solo \u00e0 duo\"}]},{\"@type\":\"WebSite\",\"@id\":\"https:\/\/www.sylviethiffault.com\/#website\",\"url\":\"https:\/\/www.sylviethiffault.com\/\",\"name\":\"Sylvie Thiffault\",\"description\":\"L\u2019art de red\u00e9finir les approches relationnelles\",\"potentialAction\":[{\"@type\":\"SearchAction\",\"target\":{\"@type\":\"EntryPoint\",\"urlTemplate\":\"https:\/\/www.sylviethiffault.com\/?s={search_term_string}\"},\"query-input\":{\"@type\":\"PropertyValueSpecification\",\"valueRequired\":true,\"valueName\":\"search_term_string\"}}],\"inLanguage\":\"en-US\"}]}<\/script>\n<!-- \/ Yoast SEO plugin. -->","yoast_head_json":{"title":"Choisir et \u00eatre choisie - R\u00e9\u00e9crire son destin amoureux de solo \u00e0 duo - Sylvie Thiffault","description":"Choisir et \u00eatre choisie, Sylvie Thiffault, B\u00e9liveau \u00c9diteur. R\u00e9\u00e9crire son destin amoureux de solo \u00e0 duo, une fois pour toutes.","robots":{"index":"index","follow":"follow","max-snippet":"max-snippet:-1","max-image-preview":"max-image-preview:large","max-video-preview":"max-video-preview:-1"},"canonical":"https:\/\/www.sylviethiffault.com\/formation\/choisir-et-etre-choisie-livre-beliveau-editeur\/","og_locale":"en_US","og_type":"article","og_title":"Choisir et \u00eatre choisie - R\u00e9\u00e9crire son destin amoureux de solo \u00e0 duo - Sylvie Thiffault","og_description":"Choisir et \u00eatre choisie, Sylvie Thiffault, B\u00e9liveau \u00c9diteur. R\u00e9\u00e9crire son destin amoureux de solo \u00e0 duo, une fois pour toutes.","og_url":"https:\/\/www.sylviethiffault.com\/formation\/choisir-et-etre-choisie-livre-beliveau-editeur\/","og_site_name":"Sylvie Thiffault","article_publisher":"https:\/\/www.facebook.com\/sylviethiffault2017\/","article_modified_time":"2025-02-14T21:39:50+00:00","og_image":[{"width":1669,"height":2000,"url":"https:\/\/www.sylviethiffault.com\/wp-content\/uploads\/2022\/02\/Untitled-design-93.png","type":"image\/png"}],"twitter_card":"summary_large_image","twitter_misc":{"Est. reading time":"3 minutes"},"schema":{"@context":"https:\/\/schema.org","@graph":[{"@type":"WebPage","@id":"https:\/\/www.sylviethiffault.com\/formation\/choisir-et-etre-choisie-livre-beliveau-editeur\/","url":"https:\/\/www.sylviethiffault.com\/formation\/choisir-et-etre-choisie-livre-beliveau-editeur\/","name":"Choisir et \u00eatre choisie - R\u00e9\u00e9crire son destin amoureux de solo \u00e0 duo - Sylvie Thiffault","isPartOf":{"@id":"https:\/\/www.sylviethiffault.com\/#website"},"primaryImageOfPage":{"@id":"https:\/\/www.sylviethiffault.com\/formation\/choisir-et-etre-choisie-livre-beliveau-editeur\/#primaryimage"},"image":{"@id":"https:\/\/www.sylviethiffault.com\/formation\/choisir-et-etre-choisie-livre-beliveau-editeur\/#primaryimage"},"thumbnailUrl":"https:\/\/www.sylviethiffault.com\/wp-content\/uploads\/2022\/02\/Untitled-design-93.png","datePublished":"2022-02-08T01:28:36+00:00","dateModified":"2025-02-14T21:39:50+00:00","description":"Choisir et \u00eatre choisie, Sylvie Thiffault, B\u00e9liveau \u00c9diteur. R\u00e9\u00e9crire son destin amoureux de solo \u00e0 duo, une fois pour toutes.","breadcrumb":{"@id":"https:\/\/www.sylviethiffault.com\/formation\/choisir-et-etre-choisie-livre-beliveau-editeur\/#breadcrumb"},"inLanguage":"en-US","potentialAction":[{"@type":"ReadAction","target":["https:\/\/www.sylviethiffault.com\/formation\/choisir-et-etre-choisie-livre-beliveau-editeur\/"]}]},{"@type":"ImageObject","inLanguage":"en-US","@id":"https:\/\/www.sylviethiffault.com\/formation\/choisir-et-etre-choisie-livre-beliveau-editeur\/#primaryimage","url":"https:\/\/www.sylviethiffault.com\/wp-content\/uploads\/2022\/02\/Untitled-design-93.png","contentUrl":"https:\/\/www.sylviethiffault.com\/wp-content\/uploads\/2022\/02\/Untitled-design-93.png","width":1669,"height":2000},{"@type":"BreadcrumbList","@id":"https:\/\/www.sylviethiffault.com\/formation\/choisir-et-etre-choisie-livre-beliveau-editeur\/#breadcrumb","itemListElement":[{"@type":"ListItem","position":1,"name":"Accueil","item":"https:\/\/www.sylviethiffault.com\/"},{"@type":"ListItem","position":2,"name":"LE LEADERSHIP TRANSVERSAL AVEC OU SANS AUTORIT\u00c9 DIRECTE","item":"https:\/\/www.sylviethiffault.com\/?page_id=1046"},{"@type":"ListItem","position":3,"name":"Choisir et \u00eatre choisie &#8211; R\u00e9\u00e9crire son destin amoureux de solo \u00e0 duo"}]},{"@type":"WebSite","@id":"https:\/\/www.sylviethiffault.com\/#website","url":"https:\/\/www.sylviethiffault.com\/","name":"Sylvie Thiffault","description":"L\u2019art de red\u00e9finir les approches relationnelles","potentialAction":[{"@type":"SearchAction","target":{"@type":"EntryPoint","urlTemplate":"https:\/\/www.sylviethiffault.com\/?s={search_term_string}"},"query-input":{"@type":"PropertyValueSpecification","valueRequired":true,"valueName":"search_term_string"}}],"inLanguage":"en-US"}]}},"_links":{"self":[{"href":"https:\/\/www.sylviethiffault.com\/en\/wp-json\/wp\/v2\/product\/1111","targetHints":{"allow":["GET"]}}],"collection":[{"href":"https:\/\/www.sylviethiffault.com\/en\/wp-json\/wp\/v2\/product"}],"about":[{"href":"https:\/\/www.sylviethiffault.com\/en\/wp-json\/wp\/v2\/types\/product"}],"version-history":[{"count":9,"href":"https:\/\/www.sylviethiffault.com\/en\/wp-json\/wp\/v2\/product\/1111\/revisions"}],"predecessor-version":[{"id":2856,"href":"https:\/\/www.sylviethiffault.com\/en\/wp-json\/wp\/v2\/product\/1111\/revisions\/2856"}],"wp:featuredmedia":[{"embeddable":true,"href":"https:\/\/www.sylviethiffault.com\/en\/wp-json\/wp\/v2\/media\/4093"}],"wp:attachment":[{"href":"https:\/\/www.sylviethiffault.com\/en\/wp-json\/wp\/v2\/media?parent=1111"}],"wp:term":[{"taxonomy":"product_brand","embeddable":true,"href":"https:\/\/www.sylviethiffault.com\/en\/wp-json\/wp\/v2\/product_brand?post=1111"},{"taxonomy":"product_cat","embeddable":true,"href":"https:\/\/www.sylviethiffault.com\/en\/wp-json\/wp\/v2\/product_cat?post=1111"},{"taxonomy":"product_tag","embeddable":true,"href":"https:\/\/www.sylviethiffault.com\/en\/wp-json\/wp\/v2\/product_tag?post=1111"}],"curies":[{"name":"wp","href":"https:\/\/api.w.org\/{rel}","templated":true}]}}