{"id":3314,"date":"2024-01-24T16:03:57","date_gmt":"2024-01-24T21:03:57","guid":{"rendered":"https:\/\/www.sylviethiffault.com\/?post_type=product&#038;p=3314"},"modified":"2024-08-08T16:31:07","modified_gmt":"2024-08-08T20:31:07","slug":"webinaire2024","status":"publish","type":"product","link":"https:\/\/www.sylviethiffault.com\/en\/formation\/webinaire2024\/","title":{"rendered":"Webinaire Choisir et \u00eatre choisie &#8211; hold"},"content":{"rendered":"<h1>Choisir et \u00eatre choisie. Est-ce pour vous\u2009, maintenant?<\/h1>\n<p>Rejoignez-nous le 31 janvier \u00e0 19h30 pour un webinaire sp\u00e9cial d&#8217;une heure qui vous donnera un aper\u00e7u de l&#8217;atelier &#8220;Choisir et \u00eatre choisie : R\u00e9\u00e9crire son destin de solo \u00e0 duo&#8221;, habituellement d&#8217;une journ\u00e9e compl\u00e8te.<\/p>\n<p>&nbsp;<\/p>\n<p><strong>Vous \u00eates :<\/strong><\/p>\n<ul>\n<li><strong>C\u00e9libataire<\/strong>\u00a0et avez\u00a0<strong>arr\u00eat\u00e9 de croire<\/strong>\u00a0que pour vous, la vie \u00e0 deux est encore possible<\/li>\n<li>Quelqu&#8217;un qui a\u00a0<strong>envie de refaire sa vie<\/strong>\u00a0mais a &#8220;mal au coeur&#8217; juste \u00e0 penser aux efforts qui n&#8217;ont rien donn\u00e9 dans le pass\u00e9.<\/li>\n<li>Exasp\u00e9r\u00e9e quand on vous dit :&#8221;<strong>Tu vas trouver quand tu vas arr\u00eater de chercher<\/strong>&#8220;<\/li>\n<li>R\u00e9sign\u00e9e \u00e0 vivre seule<\/li>\n<li>&#8220;\u00c0 bout&#8221; de ne rencontrer que des \u00ab\u2009<strong>losers<\/strong>\u2009\u00bb<\/li>\n<li>Autonome , ind\u00e9pendante et aimez votre vie mais<strong>\u00a0avez envie de partager<\/strong><\/li>\n<li>Int\u00e9ressante et ouverte \u00e0 rencontrer quelqu&#8217;un qui l&#8217;est aussi<\/li>\n<li>Pr\u00eate \u00e0 changer votre vie\u00a0<strong>de solo \u00e0 duo\u00a0<\/strong>m\u00eame si vous n&#8217;y croyez plus<\/li>\n<li>Vous avez r\u00e9pondu oui \u00e0 une de ces questions ? Cet atelier est pour vous-maintenant<\/li>\n<li>C\u2019est avec un immense plaisir que Sylvie Thiffault vous invite \u00e0 son prochain atelier tir\u00e9 de son livre Choisir et \u00eatre choisi(e), R\u00e9\u00e9crire son destin de solo \u00e0 duo,\u00a0<strong>devenu Best Seller en f\u00e9vrier 2023<\/strong>!<\/li>\n<li>Si vous avez tout essay\u00e9, vous avez-m\u00eame lu \u00ab\u2009The Secret\u2009\u00bb et \u00eates pourtant encore c\u00e9libataire :\u00a0<strong>cet atelier vous attend\u2026 et sera enfin le bon. Pourquoi\u2009?<\/strong><\/li>\n<\/ul>\n<p>&nbsp;<\/p>\n","protected":false},"excerpt":{"rendered":"<p>\u00ab\u2009CHOISIR ET \u00caTRE CHOISIE\u2009\u00bb est un webinaire unique, o\u00f9 SYLVIE THIFFAULT partage 15 ans de vie et de recherches, o\u00f9 elle connecte les plus r\u00e9centes d\u00e9couvertes o\u00f9 neuroscience , psychologie et spiritualit\u00e9 dans une seule m\u00e9thode r\u00e9aliste qui permet de trouver et de garder l\u2019\u00e2me s\u0153ur. Elle l\u2019a fait.<\/p>\n<p>Rejoignez-nous le 31 janvier \u00e0 19h30 pour un webinaire sp\u00e9cial d&#8217;une heure qui vous donnera un aper\u00e7u de l&#8217;atelier &#8220;Choisir et \u00eatre choisie : R\u00e9\u00e9crire son destin de solo \u00e0 duo&#8221;, habituellement d&#8217;une journ\u00e9e compl\u00e8te.<\/p>\n<p><strong>Dans un beau climat qui combine \u00e0 la fois la profondeur, la bienveillance et l\u2019humour, vous apprendrez \u00e0 :<\/strong><\/p>\n<ul>\n<li>Vivre dor\u00e9navant chaque jour comme un alchimiste qui sait transformer sa r\u00e9signation profonde en espoir et trouve finalement la bonne personne pour partager sa vie.<\/li>\n<li>Trouver la bonne personne pour vous sans vous &#8220;taper&#8221; de nombreuses rencontres d\u00e9cevantes.<\/li>\n<li>Ouvrir votre c\u0153ur et connecter avec l\u2019\u00e9nergie divine \u00e0 la Source du succ\u00e8s de vos efforts.<\/li>\n<li>Repartir \u00e0 neuf, profond\u00e9ment motiv\u00e9(e)en listant ce que vous \u00eates r\u00e9ellement pr\u00eate \u00e0 recevoir, et ce que vous ne voulez plus, plus clairement que jamais.<\/li>\n<li>Conna\u00eetre et \u00e9viter les erreurs de jugement qui sont invisibles et qui se trouvent dans votre angle mort.<\/li>\n<li>Profiter d\u2019une m\u00e9thodologie d\u00e9taill\u00e9e et \u00e9prouv\u00e9e, d\u2019un parcours \u00e0 suivre pour trouver \u00ab\u2009le bon\u2009\u00bb rapidement.<\/li>\n<li>\u00c9viter de faire beaucoup de rencontres sans lendemain.<\/li>\n<li>Apprendre \u00e0 d\u00e9tecter les vraies et fausses intentions rapidement<\/li>\n<li>Passer d\u2019une vie en solo \u00e0 une vie en duo \u2014 \u00e0 vos conditions.<\/li>\n<\/ul>\n","protected":false},"featured_media":3326,"template":"","meta":[],"product_brand":[],"product_cat":[64],"product_tag":[],"class_list":{"0":"post-3314","1":"product","2":"type-product","3":"status-publish","4":"has-post-thumbnail","6":"product_cat-webinaire","8":"first","9":"instock","10":"taxable","11":"shipping-taxable","12":"purchasable","13":"product-type-variable"},"yoast_head":"<!-- This site is optimized with the Yoast SEO plugin v26.3 - https:\/\/yoast.com\/wordpress\/plugins\/seo\/ -->\n<title>Webinaire Choisir et \u00eatre choisie - hold - Sylvie Thiffault<\/title>\n<meta name=\"robots\" content=\"index, follow, max-snippet:-1, max-image-preview:large, max-video-preview:-1\" \/>\n<link rel=\"canonical\" href=\"https:\/\/www.sylviethiffault.com\/formation\/webinaire2024\/\" \/>\n<meta property=\"og:locale\" content=\"en_US\" \/>\n<meta property=\"og:type\" content=\"article\" \/>\n<meta property=\"og:title\" content=\"Webinaire Choisir et \u00eatre choisie - hold - Sylvie Thiffault\" \/>\n<meta property=\"og:description\" content=\"\u00ab\u2009CHOISIR ET \u00caTRE CHOISIE\u2009\u00bb est un webinaire unique, o\u00f9 SYLVIE THIFFAULT partage 15 ans de vie et de recherches, o\u00f9 elle connecte les plus r\u00e9centes d\u00e9couvertes o\u00f9 neuroscience , psychologie et spiritualit\u00e9 dans une seule m\u00e9thode r\u00e9aliste qui permet de trouver et de garder l\u2019\u00e2me s\u0153ur. Elle l\u2019a fait.  Rejoignez-nous le 31 janvier \u00e0 19h30 pour un webinaire sp\u00e9cial d&#039;une heure qui vous donnera un aper\u00e7u de l&#039;atelier &quot;Choisir et \u00eatre choisie : R\u00e9\u00e9crire son destin de solo \u00e0 duo&quot;, habituellement d&#039;une journ\u00e9e compl\u00e8te.  Dans un beau climat qui combine \u00e0 la fois la profondeur, la bienveillance et l\u2019humour, vous apprendrez \u00e0 :   Vivre dor\u00e9navant chaque jour comme un alchimiste qui sait transformer sa r\u00e9signation profonde en espoir et trouve finalement la bonne personne pour partager sa vie.  Trouver la bonne personne pour vous sans vous &quot;taper&quot; de nombreuses rencontres d\u00e9cevantes.  Ouvrir votre c\u0153ur et connecter avec l\u2019\u00e9nergie divine \u00e0 la Source du succ\u00e8s de vos efforts.  Repartir \u00e0 neuf, profond\u00e9ment motiv\u00e9(e)en listant ce que vous \u00eates r\u00e9ellement pr\u00eate \u00e0 recevoir, et ce que vous ne voulez plus, plus clairement que jamais.  Conna\u00eetre et \u00e9viter les erreurs de jugement qui sont invisibles et qui se trouvent dans votre angle mort.  Profiter d\u2019une m\u00e9thodologie d\u00e9taill\u00e9e et \u00e9prouv\u00e9e, d\u2019un parcours \u00e0 suivre pour trouver \u00ab\u2009le bon\u2009\u00bb rapidement.  \u00c9viter de faire beaucoup de rencontres sans lendemain.  Apprendre \u00e0 d\u00e9tecter les vraies et fausses intentions rapidement  Passer d\u2019une vie en solo \u00e0 une vie en duo \u2014 \u00e0 vos conditions.\" \/>\n<meta property=\"og:url\" content=\"https:\/\/www.sylviethiffault.com\/formation\/webinaire2024\/\" \/>\n<meta property=\"og:site_name\" content=\"Sylvie Thiffault\" \/>\n<meta property=\"article:publisher\" content=\"https:\/\/www.facebook.com\/sylviethiffault2017\/\" \/>\n<meta property=\"article:modified_time\" content=\"2024-08-08T20:31:07+00:00\" \/>\n<meta property=\"og:image\" content=\"https:\/\/www.sylviethiffault.com\/wp-content\/uploads\/2024\/01\/Webinaire.png\" \/>\n\t<meta property=\"og:image:width\" content=\"1080\" \/>\n\t<meta property=\"og:image:height\" content=\"1080\" \/>\n\t<meta property=\"og:image:type\" content=\"image\/png\" \/>\n<meta name=\"twitter:card\" content=\"summary_large_image\" \/>\n<meta name=\"twitter:label1\" content=\"Est. reading time\" \/>\n\t<meta name=\"twitter:data1\" content=\"2 minutes\" \/>\n<script type=\"application\/ld+json\" class=\"yoast-schema-graph\">{\"@context\":\"https:\/\/schema.org\",\"@graph\":[{\"@type\":\"WebPage\",\"@id\":\"https:\/\/www.sylviethiffault.com\/formation\/webinaire2024\/\",\"url\":\"https:\/\/www.sylviethiffault.com\/formation\/webinaire2024\/\",\"name\":\"Webinaire Choisir et \u00eatre choisie - hold - Sylvie Thiffault\",\"isPartOf\":{\"@id\":\"https:\/\/www.sylviethiffault.com\/#website\"},\"primaryImageOfPage\":{\"@id\":\"https:\/\/www.sylviethiffault.com\/formation\/webinaire2024\/#primaryimage\"},\"image\":{\"@id\":\"https:\/\/www.sylviethiffault.com\/formation\/webinaire2024\/#primaryimage\"},\"thumbnailUrl\":\"https:\/\/www.sylviethiffault.com\/wp-content\/uploads\/2024\/01\/Webinaire.png\",\"datePublished\":\"2024-01-24T21:03:57+00:00\",\"dateModified\":\"2024-08-08T20:31:07+00:00\",\"breadcrumb\":{\"@id\":\"https:\/\/www.sylviethiffault.com\/formation\/webinaire2024\/#breadcrumb\"},\"inLanguage\":\"en-US\",\"potentialAction\":[{\"@type\":\"ReadAction\",\"target\":[\"https:\/\/www.sylviethiffault.com\/formation\/webinaire2024\/\"]}]},{\"@type\":\"ImageObject\",\"inLanguage\":\"en-US\",\"@id\":\"https:\/\/www.sylviethiffault.com\/formation\/webinaire2024\/#primaryimage\",\"url\":\"https:\/\/www.sylviethiffault.com\/wp-content\/uploads\/2024\/01\/Webinaire.png\",\"contentUrl\":\"https:\/\/www.sylviethiffault.com\/wp-content\/uploads\/2024\/01\/Webinaire.png\",\"width\":1080,\"height\":1080},{\"@type\":\"BreadcrumbList\",\"@id\":\"https:\/\/www.sylviethiffault.com\/formation\/webinaire2024\/#breadcrumb\",\"itemListElement\":[{\"@type\":\"ListItem\",\"position\":1,\"name\":\"Accueil\",\"item\":\"https:\/\/www.sylviethiffault.com\/\"},{\"@type\":\"ListItem\",\"position\":2,\"name\":\"LE LEADERSHIP TRANSVERSAL AVEC OU SANS AUTORIT\u00c9 DIRECTE\",\"item\":\"https:\/\/www.sylviethiffault.com\/?page_id=1046\"},{\"@type\":\"ListItem\",\"position\":3,\"name\":\"Webinaire Choisir et \u00eatre choisie &#8211; hold\"}]},{\"@type\":\"WebSite\",\"@id\":\"https:\/\/www.sylviethiffault.com\/#website\",\"url\":\"https:\/\/www.sylviethiffault.com\/\",\"name\":\"Sylvie Thiffault\",\"description\":\"L\u2019art de red\u00e9finir les approches relationnelles\",\"potentialAction\":[{\"@type\":\"SearchAction\",\"target\":{\"@type\":\"EntryPoint\",\"urlTemplate\":\"https:\/\/www.sylviethiffault.com\/?s={search_term_string}\"},\"query-input\":{\"@type\":\"PropertyValueSpecification\",\"valueRequired\":true,\"valueName\":\"search_term_string\"}}],\"inLanguage\":\"en-US\"}]}<\/script>\n<!-- \/ Yoast SEO plugin. -->","yoast_head_json":{"title":"Webinaire Choisir et \u00eatre choisie - hold - Sylvie Thiffault","robots":{"index":"index","follow":"follow","max-snippet":"max-snippet:-1","max-image-preview":"max-image-preview:large","max-video-preview":"max-video-preview:-1"},"canonical":"https:\/\/www.sylviethiffault.com\/formation\/webinaire2024\/","og_locale":"en_US","og_type":"article","og_title":"Webinaire Choisir et \u00eatre choisie - hold - Sylvie Thiffault","og_description":"\u00ab\u2009CHOISIR ET \u00caTRE CHOISIE\u2009\u00bb est un webinaire unique, o\u00f9 SYLVIE THIFFAULT partage 15 ans de vie et de recherches, o\u00f9 elle connecte les plus r\u00e9centes d\u00e9couvertes o\u00f9 neuroscience , psychologie et spiritualit\u00e9 dans une seule m\u00e9thode r\u00e9aliste qui permet de trouver et de garder l\u2019\u00e2me s\u0153ur. Elle l\u2019a fait.  Rejoignez-nous le 31 janvier \u00e0 19h30 pour un webinaire sp\u00e9cial d'une heure qui vous donnera un aper\u00e7u de l'atelier \"Choisir et \u00eatre choisie : R\u00e9\u00e9crire son destin de solo \u00e0 duo\", habituellement d'une journ\u00e9e compl\u00e8te.  Dans un beau climat qui combine \u00e0 la fois la profondeur, la bienveillance et l\u2019humour, vous apprendrez \u00e0 :   Vivre dor\u00e9navant chaque jour comme un alchimiste qui sait transformer sa r\u00e9signation profonde en espoir et trouve finalement la bonne personne pour partager sa vie.  Trouver la bonne personne pour vous sans vous \"taper\" de nombreuses rencontres d\u00e9cevantes.  Ouvrir votre c\u0153ur et connecter avec l\u2019\u00e9nergie divine \u00e0 la Source du succ\u00e8s de vos efforts.  Repartir \u00e0 neuf, profond\u00e9ment motiv\u00e9(e)en listant ce que vous \u00eates r\u00e9ellement pr\u00eate \u00e0 recevoir, et ce que vous ne voulez plus, plus clairement que jamais.  Conna\u00eetre et \u00e9viter les erreurs de jugement qui sont invisibles et qui se trouvent dans votre angle mort.  Profiter d\u2019une m\u00e9thodologie d\u00e9taill\u00e9e et \u00e9prouv\u00e9e, d\u2019un parcours \u00e0 suivre pour trouver \u00ab\u2009le bon\u2009\u00bb rapidement.  \u00c9viter de faire beaucoup de rencontres sans lendemain.  Apprendre \u00e0 d\u00e9tecter les vraies et fausses intentions rapidement  Passer d\u2019une vie en solo \u00e0 une vie en duo \u2014 \u00e0 vos conditions.","og_url":"https:\/\/www.sylviethiffault.com\/formation\/webinaire2024\/","og_site_name":"Sylvie Thiffault","article_publisher":"https:\/\/www.facebook.com\/sylviethiffault2017\/","article_modified_time":"2024-08-08T20:31:07+00:00","og_image":[{"width":1080,"height":1080,"url":"https:\/\/www.sylviethiffault.com\/wp-content\/uploads\/2024\/01\/Webinaire.png","type":"image\/png"}],"twitter_card":"summary_large_image","twitter_misc":{"Est. reading time":"2 minutes"},"schema":{"@context":"https:\/\/schema.org","@graph":[{"@type":"WebPage","@id":"https:\/\/www.sylviethiffault.com\/formation\/webinaire2024\/","url":"https:\/\/www.sylviethiffault.com\/formation\/webinaire2024\/","name":"Webinaire Choisir et \u00eatre choisie - hold - Sylvie Thiffault","isPartOf":{"@id":"https:\/\/www.sylviethiffault.com\/#website"},"primaryImageOfPage":{"@id":"https:\/\/www.sylviethiffault.com\/formation\/webinaire2024\/#primaryimage"},"image":{"@id":"https:\/\/www.sylviethiffault.com\/formation\/webinaire2024\/#primaryimage"},"thumbnailUrl":"https:\/\/www.sylviethiffault.com\/wp-content\/uploads\/2024\/01\/Webinaire.png","datePublished":"2024-01-24T21:03:57+00:00","dateModified":"2024-08-08T20:31:07+00:00","breadcrumb":{"@id":"https:\/\/www.sylviethiffault.com\/formation\/webinaire2024\/#breadcrumb"},"inLanguage":"en-US","potentialAction":[{"@type":"ReadAction","target":["https:\/\/www.sylviethiffault.com\/formation\/webinaire2024\/"]}]},{"@type":"ImageObject","inLanguage":"en-US","@id":"https:\/\/www.sylviethiffault.com\/formation\/webinaire2024\/#primaryimage","url":"https:\/\/www.sylviethiffault.com\/wp-content\/uploads\/2024\/01\/Webinaire.png","contentUrl":"https:\/\/www.sylviethiffault.com\/wp-content\/uploads\/2024\/01\/Webinaire.png","width":1080,"height":1080},{"@type":"BreadcrumbList","@id":"https:\/\/www.sylviethiffault.com\/formation\/webinaire2024\/#breadcrumb","itemListElement":[{"@type":"ListItem","position":1,"name":"Accueil","item":"https:\/\/www.sylviethiffault.com\/"},{"@type":"ListItem","position":2,"name":"LE LEADERSHIP TRANSVERSAL AVEC OU SANS AUTORIT\u00c9 DIRECTE","item":"https:\/\/www.sylviethiffault.com\/?page_id=1046"},{"@type":"ListItem","position":3,"name":"Webinaire Choisir et \u00eatre choisie &#8211; hold"}]},{"@type":"WebSite","@id":"https:\/\/www.sylviethiffault.com\/#website","url":"https:\/\/www.sylviethiffault.com\/","name":"Sylvie Thiffault","description":"L\u2019art de red\u00e9finir les approches relationnelles","potentialAction":[{"@type":"SearchAction","target":{"@type":"EntryPoint","urlTemplate":"https:\/\/www.sylviethiffault.com\/?s={search_term_string}"},"query-input":{"@type":"PropertyValueSpecification","valueRequired":true,"valueName":"search_term_string"}}],"inLanguage":"en-US"}]}},"_links":{"self":[{"href":"https:\/\/www.sylviethiffault.com\/en\/wp-json\/wp\/v2\/product\/3314","targetHints":{"allow":["GET"]}}],"collection":[{"href":"https:\/\/www.sylviethiffault.com\/en\/wp-json\/wp\/v2\/product"}],"about":[{"href":"https:\/\/www.sylviethiffault.com\/en\/wp-json\/wp\/v2\/types\/product"}],"version-history":[{"count":5,"href":"https:\/\/www.sylviethiffault.com\/en\/wp-json\/wp\/v2\/product\/3314\/revisions"}],"predecessor-version":[{"id":3319,"href":"https:\/\/www.sylviethiffault.com\/en\/wp-json\/wp\/v2\/product\/3314\/revisions\/3319"}],"wp:featuredmedia":[{"embeddable":true,"href":"https:\/\/www.sylviethiffault.com\/en\/wp-json\/wp\/v2\/media\/3326"}],"wp:attachment":[{"href":"https:\/\/www.sylviethiffault.com\/en\/wp-json\/wp\/v2\/media?parent=3314"}],"wp:term":[{"taxonomy":"product_brand","embeddable":true,"href":"https:\/\/www.sylviethiffault.com\/en\/wp-json\/wp\/v2\/product_brand?post=3314"},{"taxonomy":"product_cat","embeddable":true,"href":"https:\/\/www.sylviethiffault.com\/en\/wp-json\/wp\/v2\/product_cat?post=3314"},{"taxonomy":"product_tag","embeddable":true,"href":"https:\/\/www.sylviethiffault.com\/en\/wp-json\/wp\/v2\/product_tag?post=3314"}],"curies":[{"name":"wp","href":"https:\/\/api.w.org\/{rel}","templated":true}]}}