{"id":3811,"date":"2024-02-28T07:45:13","date_gmt":"2024-02-28T12:45:13","guid":{"rendered":"https:\/\/www.sylviethiffault.com\/?post_type=product&#038;p=3811"},"modified":"2025-02-14T16:38:57","modified_gmt":"2025-02-14T21:38:57","slug":"parler-et-etre-ecoute-strategies-pour-influencer-sans-autorite-directe","status":"publish","type":"product","link":"https:\/\/www.sylviethiffault.com\/en\/formation\/parler-et-etre-ecoute-strategies-pour-influencer-sans-autorite-directe\/","title":{"rendered":"Parler et \u00eatre \u00e9cout\u00e9 : Strat\u00e9gies pour influencer sans autorit\u00e9 directe."},"content":{"rendered":"<p><strong>Ressentez de nouveau le sentiment d&#8217;\u00eatre performant. La performance passe toujours par la communication.<\/strong> Ce livre est une<strong> ressource incontournable<\/strong> pour tous ceux confront\u00e9s aux <strong>d\u00e9fis de la communication<\/strong> et de l&#8217;<strong>influence sans autorit\u00e9 directe<\/strong> dans le milieu professionnel. Si vous naviguez dans des \u00e9quipes de projets, luttez avec le travail \u00e0 distance, ou cherchez \u00e0 \u00e9tablir votre cr\u00e9dibilit\u00e9 sans perdre de temps, &#8216;Parler et \u00eatre \u00e9cout\u00e9&#8217; offre des strat\u00e9gies \u00e9prouv\u00e9es pour surmonter les obstacles, des <strong>patrons difficiles<\/strong> aux <strong>non-dits<\/strong> et <strong>gros ego<\/strong>. Indispensable pour ceux qui veulent <strong>influencer positivement leur environnement de travail<\/strong> et obtenir des r\u00e9sultats sans exercer de pouvoir direct.<\/p>\n","protected":false},"excerpt":{"rendered":"<p>Vous \u00eates imputable de r\u00e9sultats qui sont produits par des personnes sur qui vous n\u2019avez aucun lien direct ? Vous travaillez dans des \u00e9quipes de projets ? <strong>Le travail \u00e0 distance complique la communication<\/strong> ? Vous n\u2019avez pas le temps d\u2019\u00e9tablir votre cr\u00e9dibilit\u00e9 ? Vous avez un patron difficile ? Vous faites face \u00e0 beaucoup de non-dits ? \u00c0 de gros \u00ab ego \u00bb ? Vous soup\u00e7onnez qu\u2019il y a des manipulateurs qui s\u2019en sortent trop facilement ? Alors, ce livre est d\u00e9finitivement pour vous !<\/p>\n","protected":false},"featured_media":3836,"template":"","meta":[],"product_brand":[],"product_cat":[42],"product_tag":[],"class_list":{"0":"post-3811","1":"product","2":"type-product","3":"status-publish","4":"has-post-thumbnail","6":"product_cat-livre","7":"product_shipping_class-livraison-standard-9","9":"first","10":"instock","11":"taxable","12":"shipping-taxable","13":"purchasable","14":"product-type-simple"},"yoast_head":"<!-- This site is optimized with the Yoast SEO plugin v26.3 - https:\/\/yoast.com\/wordpress\/plugins\/seo\/ -->\n<title>Parler et \u00eatre \u00e9cout\u00e9 : Strat\u00e9gies pour influencer sans autorit\u00e9 directe. - Sylvie Thiffault<\/title>\n<meta name=\"description\" content=\"Choisir et \u00eatre choisie, Sylvie Thiffault, B\u00e9liveau \u00c9diteur. R\u00e9\u00e9crire son destin amoureux de solo \u00e0 duo, une fois pour toutes.\" \/>\n<meta name=\"robots\" content=\"index, follow, max-snippet:-1, max-image-preview:large, max-video-preview:-1\" \/>\n<link rel=\"canonical\" href=\"https:\/\/www.sylviethiffault.com\/formation\/parler-et-etre-ecoute-strategies-pour-influencer-sans-autorite-directe\/\" \/>\n<meta property=\"og:locale\" content=\"en_US\" \/>\n<meta property=\"og:type\" content=\"article\" \/>\n<meta property=\"og:title\" content=\"Parler et \u00eatre \u00e9cout\u00e9 : Strat\u00e9gies pour influencer sans autorit\u00e9 directe. - Sylvie Thiffault\" \/>\n<meta property=\"og:description\" content=\"Choisir et \u00eatre choisie, Sylvie Thiffault, B\u00e9liveau \u00c9diteur. R\u00e9\u00e9crire son destin amoureux de solo \u00e0 duo, une fois pour toutes.\" \/>\n<meta property=\"og:url\" content=\"https:\/\/www.sylviethiffault.com\/formation\/parler-et-etre-ecoute-strategies-pour-influencer-sans-autorite-directe\/\" \/>\n<meta property=\"og:site_name\" content=\"Sylvie Thiffault\" \/>\n<meta property=\"article:publisher\" content=\"https:\/\/www.facebook.com\/sylviethiffault2017\/\" \/>\n<meta property=\"article:modified_time\" content=\"2025-02-14T21:38:57+00:00\" \/>\n<meta property=\"og:image\" content=\"https:\/\/www.sylviethiffault.com\/wp-content\/uploads\/2024\/02\/Untitled-design-89.png\" \/>\n\t<meta property=\"og:image:width\" content=\"1669\" \/>\n\t<meta property=\"og:image:height\" content=\"2000\" \/>\n\t<meta property=\"og:image:type\" content=\"image\/png\" \/>\n<meta name=\"twitter:card\" content=\"summary_large_image\" \/>\n<meta name=\"twitter:label1\" content=\"Est. reading time\" \/>\n\t<meta name=\"twitter:data1\" content=\"1 minute\" \/>\n<script type=\"application\/ld+json\" class=\"yoast-schema-graph\">{\"@context\":\"https:\/\/schema.org\",\"@graph\":[{\"@type\":\"WebPage\",\"@id\":\"https:\/\/www.sylviethiffault.com\/formation\/parler-et-etre-ecoute-strategies-pour-influencer-sans-autorite-directe\/\",\"url\":\"https:\/\/www.sylviethiffault.com\/formation\/parler-et-etre-ecoute-strategies-pour-influencer-sans-autorite-directe\/\",\"name\":\"Parler et \u00eatre \u00e9cout\u00e9 : Strat\u00e9gies pour influencer sans autorit\u00e9 directe. - Sylvie Thiffault\",\"isPartOf\":{\"@id\":\"https:\/\/www.sylviethiffault.com\/#website\"},\"primaryImageOfPage\":{\"@id\":\"https:\/\/www.sylviethiffault.com\/formation\/parler-et-etre-ecoute-strategies-pour-influencer-sans-autorite-directe\/#primaryimage\"},\"image\":{\"@id\":\"https:\/\/www.sylviethiffault.com\/formation\/parler-et-etre-ecoute-strategies-pour-influencer-sans-autorite-directe\/#primaryimage\"},\"thumbnailUrl\":\"https:\/\/www.sylviethiffault.com\/wp-content\/uploads\/2024\/02\/Untitled-design-89.png\",\"datePublished\":\"2024-02-28T12:45:13+00:00\",\"dateModified\":\"2025-02-14T21:38:57+00:00\",\"description\":\"Choisir et \u00eatre choisie, Sylvie Thiffault, B\u00e9liveau \u00c9diteur. R\u00e9\u00e9crire son destin amoureux de solo \u00e0 duo, une fois pour toutes.\",\"breadcrumb\":{\"@id\":\"https:\/\/www.sylviethiffault.com\/formation\/parler-et-etre-ecoute-strategies-pour-influencer-sans-autorite-directe\/#breadcrumb\"},\"inLanguage\":\"en-US\",\"potentialAction\":[{\"@type\":\"ReadAction\",\"target\":[\"https:\/\/www.sylviethiffault.com\/formation\/parler-et-etre-ecoute-strategies-pour-influencer-sans-autorite-directe\/\"]}]},{\"@type\":\"ImageObject\",\"inLanguage\":\"en-US\",\"@id\":\"https:\/\/www.sylviethiffault.com\/formation\/parler-et-etre-ecoute-strategies-pour-influencer-sans-autorite-directe\/#primaryimage\",\"url\":\"https:\/\/www.sylviethiffault.com\/wp-content\/uploads\/2024\/02\/Untitled-design-89.png\",\"contentUrl\":\"https:\/\/www.sylviethiffault.com\/wp-content\/uploads\/2024\/02\/Untitled-design-89.png\",\"width\":1669,\"height\":2000},{\"@type\":\"BreadcrumbList\",\"@id\":\"https:\/\/www.sylviethiffault.com\/formation\/parler-et-etre-ecoute-strategies-pour-influencer-sans-autorite-directe\/#breadcrumb\",\"itemListElement\":[{\"@type\":\"ListItem\",\"position\":1,\"name\":\"Accueil\",\"item\":\"https:\/\/www.sylviethiffault.com\/\"},{\"@type\":\"ListItem\",\"position\":2,\"name\":\"LE LEADERSHIP TRANSVERSAL AVEC OU SANS AUTORIT\u00c9 DIRECTE\",\"item\":\"https:\/\/www.sylviethiffault.com\/?page_id=1046\"},{\"@type\":\"ListItem\",\"position\":3,\"name\":\"Parler et \u00eatre \u00e9cout\u00e9 : Strat\u00e9gies pour influencer sans autorit\u00e9 directe.\"}]},{\"@type\":\"WebSite\",\"@id\":\"https:\/\/www.sylviethiffault.com\/#website\",\"url\":\"https:\/\/www.sylviethiffault.com\/\",\"name\":\"Sylvie Thiffault\",\"description\":\"L\u2019art de red\u00e9finir les approches relationnelles\",\"potentialAction\":[{\"@type\":\"SearchAction\",\"target\":{\"@type\":\"EntryPoint\",\"urlTemplate\":\"https:\/\/www.sylviethiffault.com\/?s={search_term_string}\"},\"query-input\":{\"@type\":\"PropertyValueSpecification\",\"valueRequired\":true,\"valueName\":\"search_term_string\"}}],\"inLanguage\":\"en-US\"}]}<\/script>\n<!-- \/ Yoast SEO plugin. -->","yoast_head_json":{"title":"Parler et \u00eatre \u00e9cout\u00e9 : Strat\u00e9gies pour influencer sans autorit\u00e9 directe. - Sylvie Thiffault","description":"Choisir et \u00eatre choisie, Sylvie Thiffault, B\u00e9liveau \u00c9diteur. R\u00e9\u00e9crire son destin amoureux de solo \u00e0 duo, une fois pour toutes.","robots":{"index":"index","follow":"follow","max-snippet":"max-snippet:-1","max-image-preview":"max-image-preview:large","max-video-preview":"max-video-preview:-1"},"canonical":"https:\/\/www.sylviethiffault.com\/formation\/parler-et-etre-ecoute-strategies-pour-influencer-sans-autorite-directe\/","og_locale":"en_US","og_type":"article","og_title":"Parler et \u00eatre \u00e9cout\u00e9 : Strat\u00e9gies pour influencer sans autorit\u00e9 directe. - Sylvie Thiffault","og_description":"Choisir et \u00eatre choisie, Sylvie Thiffault, B\u00e9liveau \u00c9diteur. R\u00e9\u00e9crire son destin amoureux de solo \u00e0 duo, une fois pour toutes.","og_url":"https:\/\/www.sylviethiffault.com\/formation\/parler-et-etre-ecoute-strategies-pour-influencer-sans-autorite-directe\/","og_site_name":"Sylvie Thiffault","article_publisher":"https:\/\/www.facebook.com\/sylviethiffault2017\/","article_modified_time":"2025-02-14T21:38:57+00:00","og_image":[{"width":1669,"height":2000,"url":"https:\/\/www.sylviethiffault.com\/wp-content\/uploads\/2024\/02\/Untitled-design-89.png","type":"image\/png"}],"twitter_card":"summary_large_image","twitter_misc":{"Est. reading time":"1 minute"},"schema":{"@context":"https:\/\/schema.org","@graph":[{"@type":"WebPage","@id":"https:\/\/www.sylviethiffault.com\/formation\/parler-et-etre-ecoute-strategies-pour-influencer-sans-autorite-directe\/","url":"https:\/\/www.sylviethiffault.com\/formation\/parler-et-etre-ecoute-strategies-pour-influencer-sans-autorite-directe\/","name":"Parler et \u00eatre \u00e9cout\u00e9 : Strat\u00e9gies pour influencer sans autorit\u00e9 directe. - Sylvie Thiffault","isPartOf":{"@id":"https:\/\/www.sylviethiffault.com\/#website"},"primaryImageOfPage":{"@id":"https:\/\/www.sylviethiffault.com\/formation\/parler-et-etre-ecoute-strategies-pour-influencer-sans-autorite-directe\/#primaryimage"},"image":{"@id":"https:\/\/www.sylviethiffault.com\/formation\/parler-et-etre-ecoute-strategies-pour-influencer-sans-autorite-directe\/#primaryimage"},"thumbnailUrl":"https:\/\/www.sylviethiffault.com\/wp-content\/uploads\/2024\/02\/Untitled-design-89.png","datePublished":"2024-02-28T12:45:13+00:00","dateModified":"2025-02-14T21:38:57+00:00","description":"Choisir et \u00eatre choisie, Sylvie Thiffault, B\u00e9liveau \u00c9diteur. R\u00e9\u00e9crire son destin amoureux de solo \u00e0 duo, une fois pour toutes.","breadcrumb":{"@id":"https:\/\/www.sylviethiffault.com\/formation\/parler-et-etre-ecoute-strategies-pour-influencer-sans-autorite-directe\/#breadcrumb"},"inLanguage":"en-US","potentialAction":[{"@type":"ReadAction","target":["https:\/\/www.sylviethiffault.com\/formation\/parler-et-etre-ecoute-strategies-pour-influencer-sans-autorite-directe\/"]}]},{"@type":"ImageObject","inLanguage":"en-US","@id":"https:\/\/www.sylviethiffault.com\/formation\/parler-et-etre-ecoute-strategies-pour-influencer-sans-autorite-directe\/#primaryimage","url":"https:\/\/www.sylviethiffault.com\/wp-content\/uploads\/2024\/02\/Untitled-design-89.png","contentUrl":"https:\/\/www.sylviethiffault.com\/wp-content\/uploads\/2024\/02\/Untitled-design-89.png","width":1669,"height":2000},{"@type":"BreadcrumbList","@id":"https:\/\/www.sylviethiffault.com\/formation\/parler-et-etre-ecoute-strategies-pour-influencer-sans-autorite-directe\/#breadcrumb","itemListElement":[{"@type":"ListItem","position":1,"name":"Accueil","item":"https:\/\/www.sylviethiffault.com\/"},{"@type":"ListItem","position":2,"name":"LE LEADERSHIP TRANSVERSAL AVEC OU SANS AUTORIT\u00c9 DIRECTE","item":"https:\/\/www.sylviethiffault.com\/?page_id=1046"},{"@type":"ListItem","position":3,"name":"Parler et \u00eatre \u00e9cout\u00e9 : Strat\u00e9gies pour influencer sans autorit\u00e9 directe."}]},{"@type":"WebSite","@id":"https:\/\/www.sylviethiffault.com\/#website","url":"https:\/\/www.sylviethiffault.com\/","name":"Sylvie Thiffault","description":"L\u2019art de red\u00e9finir les approches relationnelles","potentialAction":[{"@type":"SearchAction","target":{"@type":"EntryPoint","urlTemplate":"https:\/\/www.sylviethiffault.com\/?s={search_term_string}"},"query-input":{"@type":"PropertyValueSpecification","valueRequired":true,"valueName":"search_term_string"}}],"inLanguage":"en-US"}]}},"_links":{"self":[{"href":"https:\/\/www.sylviethiffault.com\/en\/wp-json\/wp\/v2\/product\/3811","targetHints":{"allow":["GET"]}}],"collection":[{"href":"https:\/\/www.sylviethiffault.com\/en\/wp-json\/wp\/v2\/product"}],"about":[{"href":"https:\/\/www.sylviethiffault.com\/en\/wp-json\/wp\/v2\/types\/product"}],"version-history":[{"count":8,"href":"https:\/\/www.sylviethiffault.com\/en\/wp-json\/wp\/v2\/product\/3811\/revisions"}],"predecessor-version":[{"id":5984,"href":"https:\/\/www.sylviethiffault.com\/en\/wp-json\/wp\/v2\/product\/3811\/revisions\/5984"}],"wp:featuredmedia":[{"embeddable":true,"href":"https:\/\/www.sylviethiffault.com\/en\/wp-json\/wp\/v2\/media\/3836"}],"wp:attachment":[{"href":"https:\/\/www.sylviethiffault.com\/en\/wp-json\/wp\/v2\/media?parent=3811"}],"wp:term":[{"taxonomy":"product_brand","embeddable":true,"href":"https:\/\/www.sylviethiffault.com\/en\/wp-json\/wp\/v2\/product_brand?post=3811"},{"taxonomy":"product_cat","embeddable":true,"href":"https:\/\/www.sylviethiffault.com\/en\/wp-json\/wp\/v2\/product_cat?post=3811"},{"taxonomy":"product_tag","embeddable":true,"href":"https:\/\/www.sylviethiffault.com\/en\/wp-json\/wp\/v2\/product_tag?post=3811"}],"curies":[{"name":"wp","href":"https:\/\/api.w.org\/{rel}","templated":true}]}}