{"id":6093,"date":"2025-01-14T13:36:57","date_gmt":"2025-01-14T18:36:57","guid":{"rendered":"https:\/\/www.sylviethiffault.com\/?post_type=product&#038;p=6093"},"modified":"2025-01-16T15:49:40","modified_gmt":"2025-01-16T20:49:40","slug":"reset","status":"publish","type":"product","link":"https:\/\/www.sylviethiffault.com\/en\/formation\/reset\/","title":{"rendered":"Atelier web &#8211; Reset 2025 28 janvier"},"content":{"rendered":"<h3>Ce s\u00e9minaire vise \u00e0 vous soutenir dans vos bonnes intentions, d\u2019oser et de ne pas l\u00e2cher.<\/h3>\n<h3>8 rencontres de groupe de 90 minutes sur 3 mois<\/h3>\n<h3>Du coaching personnal is\u00e9 avec Sylvie<\/h3>\n<h3>Du nouveau contenu s\u2019ajoute \u00e0 chaque rencontre<\/h3>\n<h3><\/h3>\n<h3>Le plus important? La communaut\u00e9 ! Ensemble, on va plus loin!<\/h3>\n","protected":false},"excerpt":{"rendered":"<p class=\"p1\"><b>Faire la paix avec 2024 et s\u2019\u00e9lancer vers 2025<\/b><b><\/b><\/p>\n<p class=\"p1\">Le mardi 28 janvier \u00e0 19h00.<br \/>\nDur\u00e9e : 2 heures (Zoom)<\/p>\n<p class=\"p1\">Un atelier unique pour r\u00e9fl\u00e9chir, analyser et int\u00e9grer les apprentissages de 2024. \u00c0 travers th\u00e9orie, ateliers en groupes et r\u00e9flexions individuelles, mesurez vos d\u00e9fis, c\u00e9l\u00e9brez vos r\u00e9ussites, et pr\u00e9parez-vous \u00e0 repartir motiv\u00e9(e) pour 2025 avec un plan clair et une paix d\u2019esprit retrouv\u00e9e.<\/p>\n<p class=\"p1\"><b>Inscrivez-vous maintenant pour transformer votre bilan en tremplin vers l\u2019avenir !<\/b><\/p>\n","protected":false},"featured_media":6094,"template":"","meta":[],"product_brand":[],"product_cat":[72],"product_tag":[],"class_list":{"0":"post-6093","1":"product","2":"type-product","3":"status-publish","4":"has-post-thumbnail","6":"product_cat-reset","8":"first","9":"instock","10":"virtual","11":"taxable","12":"purchasable","13":"product-type-simple"},"yoast_head":"<!-- This site is optimized with the Yoast SEO plugin v27.5 - https:\/\/yoast.com\/product\/yoast-seo-wordpress\/ -->\n<title>Atelier web - Reset 2025 28 janvier - Sylvie Thiffault<\/title>\n<meta name=\"description\" content=\"Faire la paix avec 2024 et s\u2019\u00e9lancer vers 2025 Dur\u00e9e : 3 heures (Zoom)Un atelier unique pour r\u00e9fl\u00e9chir, analyser et int\u00e9grer les apprentissages de 2024.\" \/>\n<meta name=\"robots\" content=\"index, follow, max-snippet:-1, max-image-preview:large, max-video-preview:-1\" \/>\n<link rel=\"canonical\" href=\"https:\/\/www.sylviethiffault.com\/formation\/reset\/\" \/>\n<meta property=\"og:locale\" content=\"en_US\" \/>\n<meta property=\"og:type\" content=\"article\" \/>\n<meta property=\"og:title\" content=\"Atelier web - Reset 2025 28 janvier - Sylvie Thiffault\" \/>\n<meta property=\"og:description\" content=\"Faire la paix avec 2024 et s\u2019\u00e9lancer vers 2025 Dur\u00e9e : 3 heures (Zoom)Un atelier unique pour r\u00e9fl\u00e9chir, analyser et int\u00e9grer les apprentissages de 2024.\" \/>\n<meta property=\"og:url\" content=\"https:\/\/www.sylviethiffault.com\/formation\/reset\/\" \/>\n<meta property=\"og:site_name\" content=\"Sylvie Thiffault\" \/>\n<meta property=\"article:publisher\" content=\"https:\/\/www.facebook.com\/sylviethiffault2017\/\" \/>\n<meta property=\"article:modified_time\" content=\"2025-01-16T20:49:40+00:00\" \/>\n<meta property=\"og:image\" content=\"https:\/\/www.sylviethiffault.com\/wp-content\/uploads\/2025\/01\/latelier-2.png\" \/>\n\t<meta property=\"og:image:width\" content=\"1080\" \/>\n\t<meta property=\"og:image:height\" content=\"1080\" \/>\n\t<meta property=\"og:image:type\" content=\"image\/png\" \/>\n<meta name=\"twitter:card\" content=\"summary_large_image\" \/>\n<meta name=\"twitter:label1\" content=\"Est. reading time\" \/>\n\t<meta name=\"twitter:data1\" content=\"1 minute\" \/>\n<script type=\"application\/ld+json\" class=\"yoast-schema-graph\">{\"@context\":\"https:\\\/\\\/schema.org\",\"@graph\":[{\"@type\":\"WebPage\",\"@id\":\"https:\\\/\\\/www.sylviethiffault.com\\\/formation\\\/reset\\\/\",\"url\":\"https:\\\/\\\/www.sylviethiffault.com\\\/formation\\\/reset\\\/\",\"name\":\"Atelier web - Reset 2025 28 janvier - Sylvie Thiffault\",\"isPartOf\":{\"@id\":\"https:\\\/\\\/www.sylviethiffault.com\\\/#website\"},\"primaryImageOfPage\":{\"@id\":\"https:\\\/\\\/www.sylviethiffault.com\\\/formation\\\/reset\\\/#primaryimage\"},\"image\":{\"@id\":\"https:\\\/\\\/www.sylviethiffault.com\\\/formation\\\/reset\\\/#primaryimage\"},\"thumbnailUrl\":\"https:\\\/\\\/www.sylviethiffault.com\\\/wp-content\\\/uploads\\\/2025\\\/01\\\/latelier-2.png\",\"datePublished\":\"2025-01-14T18:36:57+00:00\",\"dateModified\":\"2025-01-16T20:49:40+00:00\",\"description\":\"Faire la paix avec 2024 et s\u2019\u00e9lancer vers 2025 Dur\u00e9e : 3 heures (Zoom)Un atelier unique pour r\u00e9fl\u00e9chir, analyser et int\u00e9grer les apprentissages de 2024.\",\"breadcrumb\":{\"@id\":\"https:\\\/\\\/www.sylviethiffault.com\\\/formation\\\/reset\\\/#breadcrumb\"},\"inLanguage\":\"en-US\",\"potentialAction\":[{\"@type\":\"ReadAction\",\"target\":[\"https:\\\/\\\/www.sylviethiffault.com\\\/formation\\\/reset\\\/\"]}]},{\"@type\":\"ImageObject\",\"inLanguage\":\"en-US\",\"@id\":\"https:\\\/\\\/www.sylviethiffault.com\\\/formation\\\/reset\\\/#primaryimage\",\"url\":\"https:\\\/\\\/www.sylviethiffault.com\\\/wp-content\\\/uploads\\\/2025\\\/01\\\/latelier-2.png\",\"contentUrl\":\"https:\\\/\\\/www.sylviethiffault.com\\\/wp-content\\\/uploads\\\/2025\\\/01\\\/latelier-2.png\",\"width\":1080,\"height\":1080},{\"@type\":\"BreadcrumbList\",\"@id\":\"https:\\\/\\\/www.sylviethiffault.com\\\/formation\\\/reset\\\/#breadcrumb\",\"itemListElement\":[{\"@type\":\"ListItem\",\"position\":1,\"name\":\"Accueil\",\"item\":\"https:\\\/\\\/www.sylviethiffault.com\\\/\"},{\"@type\":\"ListItem\",\"position\":2,\"name\":\"LE LEADERSHIP TRANSVERSAL AVEC OU SANS AUTORIT\u00c9 DIRECTE\",\"item\":\"https:\\\/\\\/www.sylviethiffault.com\\\/?page_id=1046\"},{\"@type\":\"ListItem\",\"position\":3,\"name\":\"Atelier web &#8211; Reset 2025 28 janvier\"}]},{\"@type\":\"WebSite\",\"@id\":\"https:\\\/\\\/www.sylviethiffault.com\\\/#website\",\"url\":\"https:\\\/\\\/www.sylviethiffault.com\\\/\",\"name\":\"Sylvie Thiffault\",\"description\":\"L\u2019art de red\u00e9finir les approches relationnelles\",\"potentialAction\":[{\"@type\":\"SearchAction\",\"target\":{\"@type\":\"EntryPoint\",\"urlTemplate\":\"https:\\\/\\\/www.sylviethiffault.com\\\/?s={search_term_string}\"},\"query-input\":{\"@type\":\"PropertyValueSpecification\",\"valueRequired\":true,\"valueName\":\"search_term_string\"}}],\"inLanguage\":\"en-US\"}]}<\/script>\n<!-- \/ Yoast SEO plugin. -->","yoast_head_json":{"title":"Atelier web - Reset 2025 28 janvier - Sylvie Thiffault","description":"Faire la paix avec 2024 et s\u2019\u00e9lancer vers 2025 Dur\u00e9e : 3 heures (Zoom)Un atelier unique pour r\u00e9fl\u00e9chir, analyser et int\u00e9grer les apprentissages de 2024.","robots":{"index":"index","follow":"follow","max-snippet":"max-snippet:-1","max-image-preview":"max-image-preview:large","max-video-preview":"max-video-preview:-1"},"canonical":"https:\/\/www.sylviethiffault.com\/formation\/reset\/","og_locale":"en_US","og_type":"article","og_title":"Atelier web - Reset 2025 28 janvier - Sylvie Thiffault","og_description":"Faire la paix avec 2024 et s\u2019\u00e9lancer vers 2025 Dur\u00e9e : 3 heures (Zoom)Un atelier unique pour r\u00e9fl\u00e9chir, analyser et int\u00e9grer les apprentissages de 2024.","og_url":"https:\/\/www.sylviethiffault.com\/formation\/reset\/","og_site_name":"Sylvie Thiffault","article_publisher":"https:\/\/www.facebook.com\/sylviethiffault2017\/","article_modified_time":"2025-01-16T20:49:40+00:00","og_image":[{"width":1080,"height":1080,"url":"https:\/\/www.sylviethiffault.com\/wp-content\/uploads\/2025\/01\/latelier-2.png","type":"image\/png"}],"twitter_card":"summary_large_image","twitter_misc":{"Est. reading time":"1 minute"},"schema":{"@context":"https:\/\/schema.org","@graph":[{"@type":"WebPage","@id":"https:\/\/www.sylviethiffault.com\/formation\/reset\/","url":"https:\/\/www.sylviethiffault.com\/formation\/reset\/","name":"Atelier web - Reset 2025 28 janvier - Sylvie Thiffault","isPartOf":{"@id":"https:\/\/www.sylviethiffault.com\/#website"},"primaryImageOfPage":{"@id":"https:\/\/www.sylviethiffault.com\/formation\/reset\/#primaryimage"},"image":{"@id":"https:\/\/www.sylviethiffault.com\/formation\/reset\/#primaryimage"},"thumbnailUrl":"https:\/\/www.sylviethiffault.com\/wp-content\/uploads\/2025\/01\/latelier-2.png","datePublished":"2025-01-14T18:36:57+00:00","dateModified":"2025-01-16T20:49:40+00:00","description":"Faire la paix avec 2024 et s\u2019\u00e9lancer vers 2025 Dur\u00e9e : 3 heures (Zoom)Un atelier unique pour r\u00e9fl\u00e9chir, analyser et int\u00e9grer les apprentissages de 2024.","breadcrumb":{"@id":"https:\/\/www.sylviethiffault.com\/formation\/reset\/#breadcrumb"},"inLanguage":"en-US","potentialAction":[{"@type":"ReadAction","target":["https:\/\/www.sylviethiffault.com\/formation\/reset\/"]}]},{"@type":"ImageObject","inLanguage":"en-US","@id":"https:\/\/www.sylviethiffault.com\/formation\/reset\/#primaryimage","url":"https:\/\/www.sylviethiffault.com\/wp-content\/uploads\/2025\/01\/latelier-2.png","contentUrl":"https:\/\/www.sylviethiffault.com\/wp-content\/uploads\/2025\/01\/latelier-2.png","width":1080,"height":1080},{"@type":"BreadcrumbList","@id":"https:\/\/www.sylviethiffault.com\/formation\/reset\/#breadcrumb","itemListElement":[{"@type":"ListItem","position":1,"name":"Accueil","item":"https:\/\/www.sylviethiffault.com\/"},{"@type":"ListItem","position":2,"name":"LE LEADERSHIP TRANSVERSAL AVEC OU SANS AUTORIT\u00c9 DIRECTE","item":"https:\/\/www.sylviethiffault.com\/?page_id=1046"},{"@type":"ListItem","position":3,"name":"Atelier web &#8211; Reset 2025 28 janvier"}]},{"@type":"WebSite","@id":"https:\/\/www.sylviethiffault.com\/#website","url":"https:\/\/www.sylviethiffault.com\/","name":"Sylvie Thiffault","description":"L\u2019art de red\u00e9finir les approches relationnelles","potentialAction":[{"@type":"SearchAction","target":{"@type":"EntryPoint","urlTemplate":"https:\/\/www.sylviethiffault.com\/?s={search_term_string}"},"query-input":{"@type":"PropertyValueSpecification","valueRequired":true,"valueName":"search_term_string"}}],"inLanguage":"en-US"}]}},"_links":{"self":[{"href":"https:\/\/www.sylviethiffault.com\/en\/wp-json\/wp\/v2\/product\/6093","targetHints":{"allow":["GET"]}}],"collection":[{"href":"https:\/\/www.sylviethiffault.com\/en\/wp-json\/wp\/v2\/product"}],"about":[{"href":"https:\/\/www.sylviethiffault.com\/en\/wp-json\/wp\/v2\/types\/product"}],"version-history":[{"count":4,"href":"https:\/\/www.sylviethiffault.com\/en\/wp-json\/wp\/v2\/product\/6093\/revisions"}],"predecessor-version":[{"id":6230,"href":"https:\/\/www.sylviethiffault.com\/en\/wp-json\/wp\/v2\/product\/6093\/revisions\/6230"}],"wp:featuredmedia":[{"embeddable":true,"href":"https:\/\/www.sylviethiffault.com\/en\/wp-json\/wp\/v2\/media\/6094"}],"wp:attachment":[{"href":"https:\/\/www.sylviethiffault.com\/en\/wp-json\/wp\/v2\/media?parent=6093"}],"wp:term":[{"taxonomy":"product_brand","embeddable":true,"href":"https:\/\/www.sylviethiffault.com\/en\/wp-json\/wp\/v2\/product_brand?post=6093"},{"taxonomy":"product_cat","embeddable":true,"href":"https:\/\/www.sylviethiffault.com\/en\/wp-json\/wp\/v2\/product_cat?post=6093"},{"taxonomy":"product_tag","embeddable":true,"href":"https:\/\/www.sylviethiffault.com\/en\/wp-json\/wp\/v2\/product_tag?post=6093"}],"curies":[{"name":"wp","href":"https:\/\/api.w.org\/{rel}","templated":true}]}}